{"id":2955,"date":"2025-08-02T21:38:58","date_gmt":"2025-08-02T21:38:58","guid":{"rendered":"https:\/\/luzemhisterio.com\/blog\/?page_id=2955"},"modified":"2026-01-22T00:39:02","modified_gmt":"2026-01-22T00:39:02","slug":"oraculo-das-flores","status":"publish","type":"page","link":"https:\/\/luzemhisterio.com\/blog\/oraculo-das-flores\/","title":{"rendered":"Or\u00e1culo das Flores"},"content":{"rendered":"<div class=\"wp-block-image is-style-rounded\">\n<figure class=\"aligncenter size-medium\"><a href=\"https:\/\/luzemhisterio.com\/blog\/wp-content\/uploads\/2025\/08\/terapeuta-preparando-os-florais2.png\"><img loading=\"lazy\" decoding=\"async\" width=\"200\" height=\"300\" src=\"https:\/\/luzemhisterio.com\/blog\/wp-content\/uploads\/2025\/08\/terapeuta-preparando-os-florais2-200x300.png\" alt=\"\" class=\"wp-image-2972\" srcset=\"https:\/\/luzemhisterio.com\/blog\/wp-content\/uploads\/2025\/08\/terapeuta-preparando-os-florais2-200x300.png 200w, https:\/\/luzemhisterio.com\/blog\/wp-content\/uploads\/2025\/08\/terapeuta-preparando-os-florais2-683x1024.png 683w, https:\/\/luzemhisterio.com\/blog\/wp-content\/uploads\/2025\/08\/terapeuta-preparando-os-florais2-768x1152.png 768w, https:\/\/luzemhisterio.com\/blog\/wp-content\/uploads\/2025\/08\/terapeuta-preparando-os-florais2.png 890w\" sizes=\"auto, (max-width: 200px) 100vw, 200px\" \/><\/a><\/figure>\n<\/div>\n\n\n<p class=\"has-text-align-center\">Deixe que a alma fale atrav\u00e9s do sil\u00eancio das p\u00e9talas\u2026<\/p>\n\n\n\n<h2 class=\"wp-block-heading has-text-align-center\" style=\"font-size:48px\"><strong>Or\u00e1culo das Flores<\/strong><\/h2>\n\n\n\n<p class=\"has-text-align-center\" style=\"font-size:48px\"><strong>ESCOLHA SUAS 3 CARTAS<\/strong><\/p>\n\n\n\n<script src=\"https:\/\/cdn.softcodes.com.br\/oraculo-flores\/2.1.0\/oraculo-flores.min.js\" defer><\/script>\n\n\n\n<oraculo-flores style=\"max-width:80vw; margin: auto;\" data-shop-indication=\"false\"><\/oraculo-flores>\n\n\n\n<p><\/p>\n","protected":false},"excerpt":{"rendered":"<p>Deixe que a alma fale atrav\u00e9s do sil\u00eancio das p\u00e9talas\u2026 Or\u00e1culo das Flores ESCOLHA SUAS 3 CARTAS<\/p>\n","protected":false},"author":1,"featured_media":2972,"parent":0,"menu_order":0,"comment_status":"closed","ping_status":"closed","template":"redux-templates_full_width","meta":{"footnotes":""},"class_list":["post-2955","page","type-page","status-publish","has-post-thumbnail","hentry"],"_links":{"self":[{"href":"https:\/\/luzemhisterio.com\/blog\/wp-json\/wp\/v2\/pages\/2955","targetHints":{"allow":["GET"]}}],"collection":[{"href":"https:\/\/luzemhisterio.com\/blog\/wp-json\/wp\/v2\/pages"}],"about":[{"href":"https:\/\/luzemhisterio.com\/blog\/wp-json\/wp\/v2\/types\/page"}],"author":[{"embeddable":true,"href":"https:\/\/luzemhisterio.com\/blog\/wp-json\/wp\/v2\/users\/1"}],"replies":[{"embeddable":true,"href":"https:\/\/luzemhisterio.com\/blog\/wp-json\/wp\/v2\/comments?post=2955"}],"version-history":[{"count":50,"href":"https:\/\/luzemhisterio.com\/blog\/wp-json\/wp\/v2\/pages\/2955\/revisions"}],"predecessor-version":[{"id":3475,"href":"https:\/\/luzemhisterio.com\/blog\/wp-json\/wp\/v2\/pages\/2955\/revisions\/3475"}],"wp:featuredmedia":[{"embeddable":true,"href":"https:\/\/luzemhisterio.com\/blog\/wp-json\/wp\/v2\/media\/2972"}],"wp:attachment":[{"href":"https:\/\/luzemhisterio.com\/blog\/wp-json\/wp\/v2\/media?parent=2955"}],"curies":[{"name":"wp","href":"https:\/\/api.w.org\/{rel}","templated":true}]}}